{"id":2620,"date":"2023-03-31T12:35:55","date_gmt":"2023-03-31T12:35:55","guid":{"rendered":"https:\/\/re-fashion.eu\/?page_id=2620"},"modified":"2023-09-26T11:51:17","modified_gmt":"2023-09-26T11:51:17","slug":"trajnostna-moda-preteklost-sedanjost-in-prihodnost","status":"publish","type":"page","link":"https:\/\/re-fashion.eu\/index.php\/sl\/trajnostna-moda-preteklost-sedanjost-in-prihodnost\/","title":{"rendered":"Trajnostna moda: Preteklost, sedanjost in prihodnost"},"content":{"rendered":"\t\t<div data-elementor-type=\"wp-page\" data-elementor-id=\"2620\" class=\"elementor elementor-2620\">\n\t\t\t\t\t\t<section class=\"elementor-section elementor-top-section elementor-element elementor-element-490c153 elementor-section-boxed elementor-section-height-default elementor-section-height-default\" data-id=\"490c153\" data-element_type=\"section\" data-e-type=\"section\">\n\t\t\t\t\t\t<div class=\"elementor-container elementor-column-gap-default\">\n\t\t\t\t\t<div class=\"elementor-column elementor-col-100 elementor-top-column elementor-element elementor-element-4d74dfb\" data-id=\"4d74dfb\" data-element_type=\"column\" data-e-type=\"column\">\n\t\t\t<div class=\"elementor-widget-wrap\">\n\t\t\t\t\t\t\t<\/div>\n\t\t<\/div>\n\t\t\t\t\t<\/div>\n\t\t<\/section>\n\t\t\t\t<section class=\"elementor-section elementor-top-section elementor-element elementor-element-e54270c elementor-section-boxed elementor-section-height-default elementor-section-height-default\" data-id=\"e54270c\" data-element_type=\"section\" data-e-type=\"section\">\n\t\t\t\t\t\t<div class=\"elementor-container elementor-column-gap-default\">\n\t\t\t\t\t<div class=\"elementor-column elementor-col-100 elementor-top-column elementor-element elementor-element-91994b7\" data-id=\"91994b7\" data-element_type=\"column\" data-e-type=\"column\">\n\t\t\t<div class=\"elementor-widget-wrap\">\n\t\t\t\t\t\t\t<\/div>\n\t\t<\/div>\n\t\t\t\t\t<\/div>\n\t\t<\/section>\n\t\t\t\t<section class=\"elementor-section elementor-top-section elementor-element elementor-element-debc803 elementor-section-boxed elementor-section-height-default elementor-section-height-default\" data-id=\"debc803\" data-element_type=\"section\" data-e-type=\"section\">\n\t\t\t\t\t\t<div class=\"elementor-container elementor-column-gap-default\">\n\t\t\t\t\t<div class=\"elementor-column elementor-col-100 elementor-top-column elementor-element elementor-element-fefd34e\" data-id=\"fefd34e\" data-element_type=\"column\" data-e-type=\"column\">\n\t\t\t<div class=\"elementor-widget-wrap\">\n\t\t\t\t\t\t\t<\/div>\n\t\t<\/div>\n\t\t\t\t\t<\/div>\n\t\t<\/section>\n\t\t\t\t<section class=\"elementor-section elementor-top-section elementor-element elementor-element-b1302ac elementor-section-boxed elementor-section-height-default elementor-section-height-default\" data-id=\"b1302ac\" data-element_type=\"section\" data-e-type=\"section\">\n\t\t\t\t\t\t<div class=\"elementor-container elementor-column-gap-default\">\n\t\t\t\t\t<div class=\"elementor-column elementor-col-100 elementor-top-column elementor-element elementor-element-a5d4d07\" data-id=\"a5d4d07\" data-element_type=\"column\" data-e-type=\"column\">\n\t\t\t<div class=\"elementor-widget-wrap\">\n\t\t\t\t\t\t\t<\/div>\n\t\t<\/div>\n\t\t\t\t\t<\/div>\n\t\t<\/section>\n\t\t\t\t<section class=\"elementor-section elementor-top-section elementor-element elementor-element-42dc66a elementor-section-boxed elementor-section-height-default elementor-section-height-default\" data-id=\"42dc66a\" data-element_type=\"section\" data-e-type=\"section\" data-settings=\"{&quot;background_background&quot;:&quot;classic&quot;,&quot;shape_divider_bottom&quot;:&quot;curve&quot;,&quot;shape_divider_bottom_negative&quot;:&quot;yes&quot;}\">\n\t\t\t\t\t\t\t<div class=\"elementor-background-overlay\"><\/div>\n\t\t\t\t\t\t<div class=\"elementor-shape elementor-shape-bottom\" aria-hidden=\"true\" data-negative=\"true\">\n\t\t\t<svg xmlns=\"http:\/\/www.w3.org\/2000\/svg\" viewBox=\"0 0 1000 100\" preserveAspectRatio=\"none\">\n\t<path class=\"elementor-shape-fill\" d=\"M500,97C126.7,96.3,0.8,19.8,0,0v100l1000,0V1C1000,19.4,873.3,97.8,500,97z\"\/>\n<\/svg>\t\t<\/div>\n\t\t\t\t\t<div class=\"elementor-container elementor-column-gap-default\">\n\t\t\t\t\t<div class=\"elementor-column elementor-col-100 elementor-top-column elementor-element elementor-element-734dcd5\" data-id=\"734dcd5\" data-element_type=\"column\" data-e-type=\"column\">\n\t\t\t<div class=\"elementor-widget-wrap elementor-element-populated\">\n\t\t\t\t\t\t<div class=\"elementor-element elementor-element-7b6db69 elementor-widget elementor-widget-spacer\" data-id=\"7b6db69\" data-element_type=\"widget\" data-e-type=\"widget\" data-widget_type=\"spacer.default\">\n\t\t\t\t<div class=\"elementor-widget-container\">\n\t\t\t\t\t\t\t<div class=\"elementor-spacer\">\n\t\t\t<div class=\"elementor-spacer-inner\"><\/div>\n\t\t<\/div>\n\t\t\t\t\t\t<\/div>\n\t\t\t\t<\/div>\n\t\t\t\t<div class=\"elementor-element elementor-element-41a0e09 elementor-widget elementor-widget-heading\" data-id=\"41a0e09\" data-element_type=\"widget\" data-e-type=\"widget\" data-widget_type=\"heading.default\">\n\t\t\t\t<div class=\"elementor-widget-container\">\n\t\t\t\t\t<h2 class=\"elementor-heading-title elementor-size-default\">Trajnostna moda: Preteklost, sedanjost in prihodnost<\/h2>\t\t\t\t<\/div>\n\t\t\t\t<\/div>\n\t\t\t\t<div class=\"elementor-element elementor-element-f97a918 elementor-widget-divider--view-line elementor-widget elementor-widget-divider\" data-id=\"f97a918\" data-element_type=\"widget\" data-e-type=\"widget\" data-widget_type=\"divider.default\">\n\t\t\t\t<div class=\"elementor-widget-container\">\n\t\t\t\t\t\t\t<div class=\"elementor-divider\">\n\t\t\t<span class=\"elementor-divider-separator\">\n\t\t\t\t\t\t<\/span>\n\t\t<\/div>\n\t\t\t\t\t\t<\/div>\n\t\t\t\t<\/div>\n\t\t\t\t<div class=\"elementor-element elementor-element-32e3eb1 elementor-widget elementor-widget-spacer\" data-id=\"32e3eb1\" data-element_type=\"widget\" data-e-type=\"widget\" data-widget_type=\"spacer.default\">\n\t\t\t\t<div class=\"elementor-widget-container\">\n\t\t\t\t\t\t\t<div class=\"elementor-spacer\">\n\t\t\t<div class=\"elementor-spacer-inner\"><\/div>\n\t\t<\/div>\n\t\t\t\t\t\t<\/div>\n\t\t\t\t<\/div>\n\t\t\t\t\t<\/div>\n\t\t<\/div>\n\t\t\t\t\t<\/div>\n\t\t<\/section>\n\t\t\t\t<section class=\"elementor-section elementor-top-section elementor-element elementor-element-18a938f elementor-section-boxed elementor-section-height-default elementor-section-height-default\" data-id=\"18a938f\" data-element_type=\"section\" data-e-type=\"section\">\n\t\t\t\t\t\t<div class=\"elementor-container elementor-column-gap-default\">\n\t\t\t\t\t<div class=\"elementor-column elementor-col-100 elementor-top-column elementor-element elementor-element-10ad85f\" data-id=\"10ad85f\" data-element_type=\"column\" data-e-type=\"column\">\n\t\t\t<div class=\"elementor-widget-wrap elementor-element-populated\">\n\t\t\t\t\t\t<div class=\"elementor-element elementor-element-0044ac1 elementor-widget elementor-widget-spacer\" data-id=\"0044ac1\" data-element_type=\"widget\" data-e-type=\"widget\" data-widget_type=\"spacer.default\">\n\t\t\t\t<div class=\"elementor-widget-container\">\n\t\t\t\t\t\t\t<div class=\"elementor-spacer\">\n\t\t\t<div class=\"elementor-spacer-inner\"><\/div>\n\t\t<\/div>\n\t\t\t\t\t\t<\/div>\n\t\t\t\t<\/div>\n\t\t\t\t<div class=\"elementor-element elementor-element-d5c18f8 elementor-widget elementor-widget-text-editor\" data-id=\"d5c18f8\" data-element_type=\"widget\" data-e-type=\"widget\" data-widget_type=\"text-editor.default\">\n\t\t\t\t<div class=\"elementor-widget-container\">\n\t\t\t\t\t\t\t\t\t<p>Trajnostna moda je v zadnjih letih postala aktualna tema, saj se vse ve\u010d ljudi zaveda vpliva modne industrije na okolje. Industrija ima velik vpliv na okolje, saj sta proizvodnja obla\u010dil in tekstilni odpadki eden najve\u010djih virov onesna\u017eevanja. Koncept trajnostne mode se je skozi \u010das razvijal, od zgodnjih za\u010detkov do sedanjega stanja in prihodnosti te industrije. V tem \u010dlanku bomo preu\u010dili preteklost, sedanjost in prihodnost trajnostne mode.<\/p><p><strong>Preteklost<\/strong><\/p><p>Trajnostna moda ima korenine v okoljskem gibanju iz \u0161estdesetih in sedemdesetih let prej\u0161njega stoletja. Gibanje se je osredoto\u010dalo na zmanj\u0161anje onesna\u017eevanja in ohranjanje naravnih virov, trajnostna moda pa je bila odziv na okoljske vplive tekstilne industrije. V tem \u010dasu je bila zamisel o trajnostni modi \u0161e razmeroma nova in je bilo le nekaj podjetij, ki so aktivno spodbujala trajnostna obla\u010dila.<\/p><p>V osemdesetih letih prej\u0161njega stoletja se je trajnostni modi za\u010delo posve\u010dati ve\u010d pozornosti. Nekateri oblikovalci so v svoja obla\u010dila za\u010deli vklju\u010devati okolju prijazne materiale, kot so organski bomba\u017e, konoplja in reciklirani materiali. Vendar je trajnostna moda \u0161e vedno veljala za tr\u017eno ni\u0161o in ve\u010dina potro\u0161nikov se tega koncepta ni zavedala.<\/p><p><strong>Sedanjost<\/strong><\/p><p>Trajnostna moda je danes vse bolj priljubljen trend, saj se vse ve\u010d oblikovalcev in potro\u0161nikov zanima za okolju prijazna obla\u010dila. Zdaj obstaja veliko trajnostnih modnih znamk, ki uporabljajo reciklirane materiale, organski bomba\u017e in druge okolju prijazne tkanine. Trajnostna moda je postala tudi bolj raz\u0161irjena, saj velike modne znamke v svoje proizvodne procese vklju\u010dujejo trajnostne prakse.<\/p><p>Tudi potro\u0161niki se vse bolj zavedajo vplivov modne industrije na okolje in zahtevajo bolj trajnostne mo\u017enosti. \u0160tevilni potro\u0161niki od blagovnih znamk pri\u010dakujejo preglednost in \u017eelijo vedeti, kje so njihova obla\u010dila izdelana, kateri materiali so uporabljeni in kako so izdelani. Zato \u0161tevilne blagovne znamke uvajajo bolj trajnostne prakse, kot sta zmanj\u0161evanje koli\u010dine odpadkov in uporaba obnovljivih virov energije.<\/p><p><strong>Prihodnost<\/strong><\/p><p>Prihodnost trajnostne mode je obetavna, saj se obetajo \u0161tevilni vznemirljivi dogodki. Eden najpomembnej\u0161ih je razvoj trajnostne tehnologije. Raziskovalci razvijajo nove materiale in proizvodne postopke, ki so okolju prijaznej\u0161i in bolj trajnostni. Med temi materiali so reciklirana plastika, alge in usnje iz gob.<\/p><p>V prihodnosti lahko pri\u010dakujemo, da bodo bolj raz\u0161irjene tudi trajnostne prakse, kot je kro\u017ena moda. Kro\u017ena moda vklju\u010duje ustvarjanje zaprtega sistema, v katerem so izdelki zasnovani tako, da jih je mogo\u010de ponovno uporabiti, reciklirati ali reciklirati. S tem se zmanj\u0161ajo odpadki in zmanj\u0161a vpliv proizvodnje obla\u010dil na okolje.<\/p><p>Poleg tega se vse bolj uveljavlja trend po\u010dasne mode, pri kateri potro\u0161niki kupujejo manj, vendar vlagajo v visokokakovostne in trajne kose. Ta trend je odziv na industrijo hitre mode, ki proizvaja nekakovostna obla\u010dila za enkratno uporabo, ki se hitro zavr\u017eejo. Po\u010dasna moda poudarja kakovost pred koli\u010dino in spodbuja potro\u0161nike k bolj zavestnim in trajnostnim modnim odlo\u010ditvam.<\/p>\t\t\t\t\t\t\t\t<\/div>\n\t\t\t\t<\/div>\n\t\t\t\t<div class=\"elementor-element elementor-element-bc6bd8d elementor-widget elementor-widget-spacer\" data-id=\"bc6bd8d\" data-element_type=\"widget\" data-e-type=\"widget\" data-widget_type=\"spacer.default\">\n\t\t\t\t<div class=\"elementor-widget-container\">\n\t\t\t\t\t\t\t<div class=\"elementor-spacer\">\n\t\t\t<div class=\"elementor-spacer-inner\"><\/div>\n\t\t<\/div>\n\t\t\t\t\t\t<\/div>\n\t\t\t\t<\/div>\n\t\t\t\t\t<\/div>\n\t\t<\/div>\n\t\t\t\t\t<\/div>\n\t\t<\/section>\n\t\t\t\t<section class=\"elementor-section elementor-top-section elementor-element elementor-element-731f3cb elementor-section-boxed elementor-section-height-default elementor-section-height-default\" data-id=\"731f3cb\" data-element_type=\"section\" data-e-type=\"section\">\n\t\t\t\t\t\t<div class=\"elementor-container elementor-column-gap-default\">\n\t\t\t\t\t<div class=\"elementor-column elementor-col-33 elementor-top-column elementor-element elementor-element-8f48f6d\" data-id=\"8f48f6d\" data-element_type=\"column\" data-e-type=\"column\">\n\t\t\t<div class=\"elementor-widget-wrap elementor-element-populated\">\n\t\t\t\t\t\t<div class=\"elementor-element elementor-element-a87cf8a elementor-widget elementor-widget-image\" data-id=\"a87cf8a\" data-element_type=\"widget\" data-e-type=\"widget\" data-widget_type=\"image.default\">\n\t\t\t\t<div class=\"elementor-widget-container\">\n\t\t\t\t\t\t\t\t\t\t\t\t\t\t\t<img decoding=\"async\" width=\"300\" height=\"59\" src=\"https:\/\/re-fashion.eu\/wp-content\/uploads\/2022\/05\/EN_Co-funded_by_the_EU_PANTONE__1_-removebg-preview-e1652341623774-300x59.png\" class=\"attachment-medium size-medium wp-image-160\" alt=\"\" srcset=\"https:\/\/re-fashion.eu\/wp-content\/uploads\/2022\/05\/EN_Co-funded_by_the_EU_PANTONE__1_-removebg-preview-e1652341623774-300x59.png 300w, https:\/\/re-fashion.eu\/wp-content\/uploads\/2022\/05\/EN_Co-funded_by_the_EU_PANTONE__1_-removebg-preview-e1652341623774-768x151.png 768w, https:\/\/re-fashion.eu\/wp-content\/uploads\/2022\/05\/EN_Co-funded_by_the_EU_PANTONE__1_-removebg-preview-e1652341623774-720x142.png 720w, https:\/\/re-fashion.eu\/wp-content\/uploads\/2022\/05\/EN_Co-funded_by_the_EU_PANTONE__1_-removebg-preview-e1652341623774.png 1011w\" sizes=\"(max-width: 300px) 100vw, 300px\" \/>\t\t\t\t\t\t\t\t\t\t\t\t\t\t\t<\/div>\n\t\t\t\t<\/div>\n\t\t\t\t<div class=\"elementor-element elementor-element-30f68a2 elementor-widget elementor-widget-text-editor\" data-id=\"30f68a2\" data-element_type=\"widget\" data-e-type=\"widget\" data-widget_type=\"text-editor.default\">\n\t\t\t\t<div class=\"elementor-widget-container\">\n\t\t\t\t\t\t\t\t\t<p>Financirano s strani Evropske unije. Izra\u017eena stali\u0161\u010da in mnenja so zgolj stali\u0161\u010da in mnenja avtorja(-ev) in ni nujno, da odra\u017eajo stali\u0161\u010da in mnenja Evropske unije ali Evropske izvajalske agencije za izobra\u017eevanje in kulturo (EACEA). Zanje ne moreta biti odgovorna niti Evropska unija niti EACEA. 2021-1-RO01-KA220-VET-000033001<\/p>\t\t\t\t\t\t\t\t<\/div>\n\t\t\t\t<\/div>\n\t\t\t\t\t<\/div>\n\t\t<\/div>\n\t\t\t\t<div class=\"elementor-column elementor-col-33 elementor-top-column elementor-element elementor-element-1431c71\" data-id=\"1431c71\" data-element_type=\"column\" data-e-type=\"column\">\n\t\t\t<div class=\"elementor-widget-wrap\">\n\t\t\t\t\t\t\t<\/div>\n\t\t<\/div>\n\t\t\t\t<div class=\"elementor-column elementor-col-33 elementor-top-column elementor-element elementor-element-e8821d9\" data-id=\"e8821d9\" data-element_type=\"column\" data-e-type=\"column\">\n\t\t\t<div class=\"elementor-widget-wrap elementor-element-populated\">\n\t\t\t\t\t\t<div class=\"elementor-element elementor-element-9a6264c elementor-widget elementor-widget-image\" data-id=\"9a6264c\" data-element_type=\"widget\" data-e-type=\"widget\" data-widget_type=\"image.default\">\n\t\t\t\t<div class=\"elementor-widget-container\">\n\t\t\t\t\t\t\t\t\t\t\t\t\t\t\t\t<a href=\"https:\/\/re-fashion.eu\/\">\n\t\t\t\t\t\t\t<img decoding=\"async\" width=\"150\" height=\"130\" src=\"https:\/\/re-fashion.eu\/wp-content\/uploads\/2022\/05\/\u03c1\u03b5\u03c6\u03b1\u03c3\u03b7\u03b9\u03bf\u03bd-150x130.png\" class=\"attachment-thumbnail size-thumbnail wp-image-933\" alt=\"\" \/>\t\t\t\t\t\t\t\t<\/a>\n\t\t\t\t\t\t\t\t\t\t\t\t\t\t\t<\/div>\n\t\t\t\t<\/div>\n\t\t\t\t<div class=\"elementor-element elementor-element-3e7ace9 elementor-widget elementor-widget-text-editor\" data-id=\"3e7ace9\" data-element_type=\"widget\" data-e-type=\"widget\" data-widget_type=\"text-editor.default\">\n\t\t\t\t<div class=\"elementor-widget-container\">\n\t\t\t\t\t\t\t\t\t<a style=\"color: black;\" href=\"https:\/\/re-fashion.eu\/index.php\/terms-of-use-2\/\" target=\"_blank\" rel=\"noopener\">Terms of Use<\/a>\t\t\t\t\t\t\t\t<\/div>\n\t\t\t\t<\/div>\n\t\t\t\t<div class=\"elementor-element elementor-element-d2357ae elementor-shape-circle e-grid-align-right elementor-grid-0 elementor-widget elementor-widget-social-icons\" data-id=\"d2357ae\" data-element_type=\"widget\" data-e-type=\"widget\" data-widget_type=\"social-icons.default\">\n\t\t\t\t<div class=\"elementor-widget-container\">\n\t\t\t\t\t\t\t<div class=\"elementor-social-icons-wrapper elementor-grid\">\n\t\t\t\t\t\t\t<span class=\"elementor-grid-item\">\n\t\t\t\t\t<a class=\"elementor-icon elementor-social-icon elementor-social-icon-instagram elementor-repeater-item-7bfa9da\" href=\"https:\/\/www.instagram.com\/refashion.erasmus\/\" target=\"_blank\">\n\t\t\t\t\t\t<span class=\"elementor-screen-only\">Instagram<\/span>\n\t\t\t\t\t\t<i aria-hidden=\"true\" class=\"fab fa-instagram\"><\/i>\t\t\t\t\t<\/a>\n\t\t\t\t<\/span>\n\t\t\t\t\t<\/div>\n\t\t\t\t\t\t<\/div>\n\t\t\t\t<\/div>\n\t\t\t\t\t<\/div>\n\t\t<\/div>\n\t\t\t\t\t<\/div>\n\t\t<\/section>\n\t\t\t\t<section class=\"elementor-section elementor-top-section elementor-element elementor-element-1342cc1 elementor-section-boxed elementor-section-height-default elementor-section-height-default\" data-id=\"1342cc1\" data-element_type=\"section\" data-e-type=\"section\">\n\t\t\t\t\t\t<div class=\"elementor-container elementor-column-gap-default\">\n\t\t\t\t\t<div class=\"elementor-column elementor-col-100 elementor-top-column elementor-element elementor-element-cab870c\" data-id=\"cab870c\" data-element_type=\"column\" data-e-type=\"column\">\n\t\t\t<div class=\"elementor-widget-wrap elementor-element-populated\">\n\t\t\t\t\t\t<div class=\"elementor-element elementor-element-6254097 elementor-widget-divider--view-line elementor-widget elementor-widget-divider\" data-id=\"6254097\" data-element_type=\"widget\" data-e-type=\"widget\" data-widget_type=\"divider.default\">\n\t\t\t\t<div class=\"elementor-widget-container\">\n\t\t\t\t\t\t\t<div class=\"elementor-divider\">\n\t\t\t<span class=\"elementor-divider-separator\">\n\t\t\t\t\t\t<\/span>\n\t\t<\/div>\n\t\t\t\t\t\t<\/div>\n\t\t\t\t<\/div>\n\t\t\t\t\t<\/div>\n\t\t<\/div>\n\t\t\t\t\t<\/div>\n\t\t<\/section>\n\t\t\t\t<section class=\"elementor-section elementor-top-section elementor-element elementor-element-0b38787 elementor-section-boxed elementor-section-height-default elementor-section-height-default\" data-id=\"0b38787\" data-element_type=\"section\" data-e-type=\"section\">\n\t\t\t\t\t\t<div class=\"elementor-container elementor-column-gap-default\">\n\t\t\t\t\t<div class=\"elementor-column elementor-col-33 elementor-top-column elementor-element elementor-element-272f0ef\" data-id=\"272f0ef\" data-element_type=\"column\" data-e-type=\"column\">\n\t\t\t<div class=\"elementor-widget-wrap elementor-element-populated\">\n\t\t\t\t\t\t<div class=\"elementor-element elementor-element-03eb505 elementor-widget elementor-widget-text-editor\" data-id=\"03eb505\" data-element_type=\"widget\" data-e-type=\"widget\" data-widget_type=\"text-editor.default\">\n\t\t\t\t<div class=\"elementor-widget-container\">\n\t\t\t\t\t\t\t\t\t<p>Copyright \u00a9 2022 Re-Fashion. All Rights Reserved<\/p>\t\t\t\t\t\t\t\t<\/div>\n\t\t\t\t<\/div>\n\t\t\t\t\t<\/div>\n\t\t<\/div>\n\t\t\t\t<div class=\"elementor-column elementor-col-33 elementor-top-column elementor-element elementor-element-fbad23b\" data-id=\"fbad23b\" data-element_type=\"column\" data-e-type=\"column\">\n\t\t\t<div class=\"elementor-widget-wrap\">\n\t\t\t\t\t\t\t<\/div>\n\t\t<\/div>\n\t\t\t\t<div class=\"elementor-column elementor-col-33 elementor-top-column elementor-element elementor-element-71144b1\" data-id=\"71144b1\" data-element_type=\"column\" data-e-type=\"column\">\n\t\t\t<div class=\"elementor-widget-wrap elementor-element-populated\">\n\t\t\t\t\t\t<div class=\"elementor-element elementor-element-91e1343 elementor-widget elementor-widget-text-editor\" data-id=\"91e1343\" data-element_type=\"widget\" data-e-type=\"widget\" data-widget_type=\"text-editor.default\">\n\t\t\t\t<div class=\"elementor-widget-container\">\n\t\t\t\t\t\t\t\t\t<span style=\"color: #000; font-size: 16px; text-align: right;\">Powered by\u00a0<\/span><a style=\"color: #000; background-color: #ffffff; font-size: 16px; text-align: right;\" href=\"https:\/\/innovationhive.eu\/\" target=\"_blank\" rel=\"noopener\">Innovation Hive<\/a>\t\t\t\t\t\t\t\t<\/div>\n\t\t\t\t<\/div>\n\t\t\t\t\t<\/div>\n\t\t<\/div>\n\t\t\t\t\t<\/div>\n\t\t<\/section>\n\t\t\t\t<\/div>\n\t\t","protected":false},"excerpt":{"rendered":"<p>Trajnostna moda: Preteklost, sedanjost in prihodnost Trajnostna moda je v zadnjih letih postala aktualna tema, saj se vse ve\u010d ljudi [&hellip;]<\/p>\n","protected":false},"author":1,"featured_media":0,"parent":0,"menu_order":0,"comment_status":"closed","ping_status":"closed","template":"page-templates\/template_page-builder.php","meta":{"_monsterinsights_skip_tracking":false,"_monsterinsights_sitenote_active":false,"_monsterinsights_sitenote_note":"","_monsterinsights_sitenote_category":0,"footnotes":""},"class_list":["post-2620","page","type-page","status-publish","hentry"],"aioseo_notices":[],"_links":{"self":[{"href":"https:\/\/re-fashion.eu\/index.php\/wp-json\/wp\/v2\/pages\/2620","targetHints":{"allow":["GET"]}}],"collection":[{"href":"https:\/\/re-fashion.eu\/index.php\/wp-json\/wp\/v2\/pages"}],"about":[{"href":"https:\/\/re-fashion.eu\/index.php\/wp-json\/wp\/v2\/types\/page"}],"author":[{"embeddable":true,"href":"https:\/\/re-fashion.eu\/index.php\/wp-json\/wp\/v2\/users\/1"}],"replies":[{"embeddable":true,"href":"https:\/\/re-fashion.eu\/index.php\/wp-json\/wp\/v2\/comments?post=2620"}],"version-history":[{"count":8,"href":"https:\/\/re-fashion.eu\/index.php\/wp-json\/wp\/v2\/pages\/2620\/revisions"}],"predecessor-version":[{"id":2944,"href":"https:\/\/re-fashion.eu\/index.php\/wp-json\/wp\/v2\/pages\/2620\/revisions\/2944"}],"wp:attachment":[{"href":"https:\/\/re-fashion.eu\/index.php\/wp-json\/wp\/v2\/media?parent=2620"}],"curies":[{"name":"wp","href":"https:\/\/api.w.org\/{rel}","templated":true}]}}