{"id":2689,"date":"2023-05-29T12:35:21","date_gmt":"2023-05-29T12:35:21","guid":{"rendered":"https:\/\/re-fashion.eu\/?page_id=2689"},"modified":"2023-09-26T11:54:24","modified_gmt":"2023-09-26T11:54:24","slug":"refashion-primul-curs-in-moda-sustenabila-va-fi-lansat-in-curand","status":"publish","type":"page","link":"https:\/\/re-fashion.eu\/index.php\/ro\/refashion-primul-curs-in-moda-sustenabila-va-fi-lansat-in-curand\/","title":{"rendered":"Primul curs \u00een moda sustenabil\u0103 va fi lansat in cur\u00e2nd"},"content":{"rendered":"\t\t<div data-elementor-type=\"wp-page\" data-elementor-id=\"2689\" class=\"elementor elementor-2689\">\n\t\t\t\t\t\t<section class=\"elementor-section elementor-top-section elementor-element elementor-element-cbaa7b1 elementor-section-boxed elementor-section-height-default elementor-section-height-default\" data-id=\"cbaa7b1\" data-element_type=\"section\" data-e-type=\"section\">\n\t\t\t\t\t\t<div class=\"elementor-container elementor-column-gap-default\">\n\t\t\t\t\t<div class=\"elementor-column elementor-col-100 elementor-top-column elementor-element elementor-element-d948091\" data-id=\"d948091\" data-element_type=\"column\" data-e-type=\"column\">\n\t\t\t<div class=\"elementor-widget-wrap\">\n\t\t\t\t\t\t\t<\/div>\n\t\t<\/div>\n\t\t\t\t\t<\/div>\n\t\t<\/section>\n\t\t\t\t<section class=\"elementor-section elementor-top-section elementor-element elementor-element-5c1b237 elementor-section-boxed elementor-section-height-default elementor-section-height-default\" data-id=\"5c1b237\" data-element_type=\"section\" data-e-type=\"section\">\n\t\t\t\t\t\t<div class=\"elementor-container elementor-column-gap-default\">\n\t\t\t\t\t<div class=\"elementor-column elementor-col-100 elementor-top-column elementor-element elementor-element-c671094\" data-id=\"c671094\" data-element_type=\"column\" data-e-type=\"column\">\n\t\t\t<div class=\"elementor-widget-wrap\">\n\t\t\t\t\t\t\t<\/div>\n\t\t<\/div>\n\t\t\t\t\t<\/div>\n\t\t<\/section>\n\t\t\t\t<section class=\"elementor-section elementor-top-section elementor-element elementor-element-2a1e26a elementor-section-boxed elementor-section-height-default elementor-section-height-default\" data-id=\"2a1e26a\" data-element_type=\"section\" data-e-type=\"section\">\n\t\t\t\t\t\t<div class=\"elementor-container elementor-column-gap-default\">\n\t\t\t\t\t<div class=\"elementor-column elementor-col-100 elementor-top-column elementor-element elementor-element-743a73c\" data-id=\"743a73c\" data-element_type=\"column\" data-e-type=\"column\">\n\t\t\t<div class=\"elementor-widget-wrap\">\n\t\t\t\t\t\t\t<\/div>\n\t\t<\/div>\n\t\t\t\t\t<\/div>\n\t\t<\/section>\n\t\t\t\t<section class=\"elementor-section elementor-top-section elementor-element elementor-element-1795ee9 elementor-section-boxed elementor-section-height-default elementor-section-height-default\" data-id=\"1795ee9\" data-element_type=\"section\" data-e-type=\"section\" data-settings=\"{&quot;background_background&quot;:&quot;classic&quot;,&quot;shape_divider_bottom&quot;:&quot;curve&quot;,&quot;shape_divider_bottom_negative&quot;:&quot;yes&quot;}\">\n\t\t\t\t\t\t\t<div class=\"elementor-background-overlay\"><\/div>\n\t\t\t\t\t\t<div class=\"elementor-shape elementor-shape-bottom\" aria-hidden=\"true\" data-negative=\"true\">\n\t\t\t<svg xmlns=\"http:\/\/www.w3.org\/2000\/svg\" viewBox=\"0 0 1000 100\" preserveAspectRatio=\"none\">\n\t<path class=\"elementor-shape-fill\" d=\"M500,97C126.7,96.3,0.8,19.8,0,0v100l1000,0V1C1000,19.4,873.3,97.8,500,97z\"\/>\n<\/svg>\t\t<\/div>\n\t\t\t\t\t<div class=\"elementor-container elementor-column-gap-default\">\n\t\t\t\t\t<div class=\"elementor-column elementor-col-100 elementor-top-column elementor-element elementor-element-82ec334\" data-id=\"82ec334\" data-element_type=\"column\" data-e-type=\"column\">\n\t\t\t<div class=\"elementor-widget-wrap elementor-element-populated\">\n\t\t\t\t\t\t<div class=\"elementor-element elementor-element-46596da elementor-widget elementor-widget-spacer\" data-id=\"46596da\" data-element_type=\"widget\" data-e-type=\"widget\" data-widget_type=\"spacer.default\">\n\t\t\t\t<div class=\"elementor-widget-container\">\n\t\t\t\t\t\t\t<div class=\"elementor-spacer\">\n\t\t\t<div class=\"elementor-spacer-inner\"><\/div>\n\t\t<\/div>\n\t\t\t\t\t\t<\/div>\n\t\t\t\t<\/div>\n\t\t\t\t<div class=\"elementor-element elementor-element-eded905 elementor-widget elementor-widget-heading\" data-id=\"eded905\" data-element_type=\"widget\" data-e-type=\"widget\" data-widget_type=\"heading.default\">\n\t\t\t\t<div class=\"elementor-widget-container\">\n\t\t\t\t\t<h2 class=\"elementor-heading-title elementor-size-default\">Primul curs \u00een moda sustenabil\u0103 va fi lansat in cur\u00e2nd<\/h2>\t\t\t\t<\/div>\n\t\t\t\t<\/div>\n\t\t\t\t<div class=\"elementor-element elementor-element-176dc97 elementor-widget-divider--view-line elementor-widget elementor-widget-divider\" data-id=\"176dc97\" data-element_type=\"widget\" data-e-type=\"widget\" data-widget_type=\"divider.default\">\n\t\t\t\t<div class=\"elementor-widget-container\">\n\t\t\t\t\t\t\t<div class=\"elementor-divider\">\n\t\t\t<span class=\"elementor-divider-separator\">\n\t\t\t\t\t\t<\/span>\n\t\t<\/div>\n\t\t\t\t\t\t<\/div>\n\t\t\t\t<\/div>\n\t\t\t\t<div class=\"elementor-element elementor-element-4b004b6 elementor-widget elementor-widget-spacer\" data-id=\"4b004b6\" data-element_type=\"widget\" data-e-type=\"widget\" data-widget_type=\"spacer.default\">\n\t\t\t\t<div class=\"elementor-widget-container\">\n\t\t\t\t\t\t\t<div class=\"elementor-spacer\">\n\t\t\t<div class=\"elementor-spacer-inner\"><\/div>\n\t\t<\/div>\n\t\t\t\t\t\t<\/div>\n\t\t\t\t<\/div>\n\t\t\t\t\t<\/div>\n\t\t<\/div>\n\t\t\t\t\t<\/div>\n\t\t<\/section>\n\t\t\t\t<section class=\"elementor-section elementor-top-section elementor-element elementor-element-7f75226 elementor-section-boxed elementor-section-height-default elementor-section-height-default\" data-id=\"7f75226\" data-element_type=\"section\" data-e-type=\"section\">\n\t\t\t\t\t\t<div class=\"elementor-container elementor-column-gap-default\">\n\t\t\t\t\t<div class=\"elementor-column elementor-col-100 elementor-top-column elementor-element elementor-element-239184c\" data-id=\"239184c\" data-element_type=\"column\" data-e-type=\"column\">\n\t\t\t<div class=\"elementor-widget-wrap elementor-element-populated\">\n\t\t\t\t\t\t<div class=\"elementor-element elementor-element-918e2d9 elementor-widget elementor-widget-spacer\" data-id=\"918e2d9\" data-element_type=\"widget\" data-e-type=\"widget\" data-widget_type=\"spacer.default\">\n\t\t\t\t<div class=\"elementor-widget-container\">\n\t\t\t\t\t\t\t<div class=\"elementor-spacer\">\n\t\t\t<div class=\"elementor-spacer-inner\"><\/div>\n\t\t<\/div>\n\t\t\t\t\t\t<\/div>\n\t\t\t\t<\/div>\n\t\t\t\t<div class=\"elementor-element elementor-element-cb5bf6f elementor-widget elementor-widget-text-editor\" data-id=\"cb5bf6f\" data-element_type=\"widget\" data-e-type=\"widget\" data-widget_type=\"text-editor.default\">\n\t\t\t\t<div class=\"elementor-widget-container\">\n\t\t\t\t\t\t\t\t\t<p>Ne face pl\u0103cere s\u0103 v\u0103 adres\u0103m o invita\u021bie special\u0103 la cursul de mod\u0103 sustenabil\u0103 dezvoltat \u00een cadrul proiectului Erasmus+ Re-Fashion.<br \/>Cursul se va desfa\u0219ura \u00een dou\u0103 faze, \u201eface to face\u201d (Ziua 1, 8 Iunie ) \u0219i online (Ziua 2, 27 Iunie ).Cursul Re-Fashion este conceput pentru a v\u0103 oferi cuno\u0219tin\u021be \u0219i instrumente practice \u00een domeniul modei c\u0103nd ve\u021bi avea ocazia s\u0103 \u00eenv\u0103\u021ba\u021bi despre practici etice \u00een industria modei, materiale sustenabile \u0219i tehnici de design circular. Exper\u021bii no\u0219tri \u00een mod\u0103 sustenabil\u0103 vor \u00eemp\u0103rt\u0103\u0219i cuno\u0219tin\u021bele lor \u00een domeniu, oferindu-v\u0103 perspective inspirate \u0219i informa\u021bii valoroase.\u00a0<\/p><p>Ve\u021bi avea \u0219ansa s\u0103 participa\u021bi la discu\u021bii interactive, studii de caz \u0219i prezent\u0103ri care v\u0103 vor dezvolta \u00een\u021belegerea \u0219i abilit\u0103\u021bile legate de moda sustenabil\u0103.Cursul este deschis celor interesa\u021bi de moda sustenabil\u0103, fie ace\u0219tia designeri, profesioni\u0219ti din industrie sau profesori, cu to\u021bii ve\u021bi g\u0103si cursul nostru util \u0219i inspira\u021bional. Participarea este gratuit\u0103. V\u0103 \u00eencuraj\u0103m s\u0103 v\u0103 rezerva\u021bi un loc c\u00e2t mai cur\u00e2nd posibil, deoarece num\u0103rul de locuri este limitat.Pentru a v\u0103 \u00eenregistra la cursul \u201cface to face\u201d, v\u0103 rog s\u0103 completa\u021bi formularul de \u00eenscriere\u00a0<a class=\"c-link\" href=\"https:\/\/forms.gle\/hGn4onUDZ1GGD3mr5\" target=\"_blank\" rel=\"noopener noreferrer\" data-stringify-link=\"https:\/\/forms.gle\/hGn4onUDZ1GGD3mr5\" data-sk=\"tooltip_parent\">https:\/\/forms.gle\/hGn4onUDZ1GGD3mr5<\/a><\/p><p><br \/>Pentru a v\u0103 \u00eenregistra la cursul online, v\u0103 rog s\u0103 completa\u021bi formularul de \u00eenscriere\u00a0<a class=\"c-link\" href=\"https:\/\/forms.gle\/HxGdx7ZBXSULx2Ae7\" target=\"_blank\" rel=\"noopener noreferrer\" data-stringify-link=\"https:\/\/forms.gle\/HxGdx7ZBXSULx2Ae7\" data-sk=\"tooltip_parent\">https:\/\/forms.gle\/HxGdx7ZBXSULx2Ae7<\/a>Ne dorim s\u0103 aducem \u00eempreun\u0103 o comunitate interesat\u0103 de mod\u0103 sustenabil\u0103 \u0219i s\u0103 cre\u0103m o platform\u0103 pentru schimbul de idei \u0219i colabor\u0103ri frumoase. Sper\u0103m c\u0103 ve\u021bi accepta invita\u021bia noastr\u0103 \u0219i c\u0103 ne ve\u021bi \u00eenso\u021bi \u00een aceast\u0103 c\u0103l\u0103torie a modei sustenabile.<\/p>\t\t\t\t\t\t\t\t<\/div>\n\t\t\t\t<\/div>\n\t\t\t\t<div class=\"elementor-element elementor-element-7488bca elementor-widget elementor-widget-text-editor\" data-id=\"7488bca\" data-element_type=\"widget\" data-e-type=\"widget\" data-widget_type=\"text-editor.default\">\n\t\t\t\t<div class=\"elementor-widget-container\">\n\t\t\t\t\t\t\t\t\t<p><a href=\"https:\/\/docs.google.com\/forms\/d\/e\/1FAIpQLSckdOE_CUh3L20TFEbXFSZPd_tR0Pm5aBEuo5O1DpUTQXtpIQ\/viewform\">https:\/\/docs.google.com\/forms\/d\/e\/1FAIpQLSckdOE_CUh3L20TFEbXFSZPd_tR0Pm5aBEuo5O1DpUTQXtpIQ\/viewform<\/a><\/p>\t\t\t\t\t\t\t\t<\/div>\n\t\t\t\t<\/div>\n\t\t\t\t<div class=\"elementor-element elementor-element-71e795d elementor-widget elementor-widget-text-editor\" data-id=\"71e795d\" data-element_type=\"widget\" data-e-type=\"widget\" data-widget_type=\"text-editor.default\">\n\t\t\t\t<div class=\"elementor-widget-container\">\n\t\t\t\t\t\t\t\t\t<p><a href=\"_wp_link_placeholder\" data-wplink-edit=\"true\">https:\/\/docs.google.com\/forms\/d\/e\/1FAIpQLScBSRet6_TwqFH1tzW8ME0dyvnkyiJ0u75FmRbBSvU2qQKbYQ\/viewform<\/a><\/p>\t\t\t\t\t\t\t\t<\/div>\n\t\t\t\t<\/div>\n\t\t\t\t<div class=\"elementor-element elementor-element-c142673 elementor-widget elementor-widget-spacer\" data-id=\"c142673\" data-element_type=\"widget\" data-e-type=\"widget\" data-widget_type=\"spacer.default\">\n\t\t\t\t<div class=\"elementor-widget-container\">\n\t\t\t\t\t\t\t<div class=\"elementor-spacer\">\n\t\t\t<div class=\"elementor-spacer-inner\"><\/div>\n\t\t<\/div>\n\t\t\t\t\t\t<\/div>\n\t\t\t\t<\/div>\n\t\t\t\t\t<\/div>\n\t\t<\/div>\n\t\t\t\t\t<\/div>\n\t\t<\/section>\n\t\t\t\t<section class=\"elementor-section elementor-top-section elementor-element elementor-element-21cc613 elementor-section-boxed elementor-section-height-default elementor-section-height-default\" data-id=\"21cc613\" data-element_type=\"section\" data-e-type=\"section\">\n\t\t\t\t\t\t<div class=\"elementor-container elementor-column-gap-default\">\n\t\t\t\t\t<div class=\"elementor-column elementor-col-33 elementor-top-column elementor-element elementor-element-b6d83eb\" data-id=\"b6d83eb\" data-element_type=\"column\" data-e-type=\"column\">\n\t\t\t<div class=\"elementor-widget-wrap elementor-element-populated\">\n\t\t\t\t\t\t<div class=\"elementor-element elementor-element-f64d9ac elementor-widget elementor-widget-image\" data-id=\"f64d9ac\" data-element_type=\"widget\" data-e-type=\"widget\" data-widget_type=\"image.default\">\n\t\t\t\t<div class=\"elementor-widget-container\">\n\t\t\t\t\t\t\t\t\t\t\t\t\t\t\t<img decoding=\"async\" width=\"300\" height=\"59\" src=\"https:\/\/re-fashion.eu\/wp-content\/uploads\/2022\/05\/EN_Co-funded_by_the_EU_PANTONE__1_-removebg-preview-e1652341623774-300x59.png\" class=\"attachment-medium size-medium wp-image-160\" alt=\"\" srcset=\"https:\/\/re-fashion.eu\/wp-content\/uploads\/2022\/05\/EN_Co-funded_by_the_EU_PANTONE__1_-removebg-preview-e1652341623774-300x59.png 300w, https:\/\/re-fashion.eu\/wp-content\/uploads\/2022\/05\/EN_Co-funded_by_the_EU_PANTONE__1_-removebg-preview-e1652341623774-768x151.png 768w, https:\/\/re-fashion.eu\/wp-content\/uploads\/2022\/05\/EN_Co-funded_by_the_EU_PANTONE__1_-removebg-preview-e1652341623774-720x142.png 720w, https:\/\/re-fashion.eu\/wp-content\/uploads\/2022\/05\/EN_Co-funded_by_the_EU_PANTONE__1_-removebg-preview-e1652341623774.png 1011w\" sizes=\"(max-width: 300px) 100vw, 300px\" \/>\t\t\t\t\t\t\t\t\t\t\t\t\t\t\t<\/div>\n\t\t\t\t<\/div>\n\t\t\t\t<div class=\"elementor-element elementor-element-07954a8 elementor-widget elementor-widget-text-editor\" data-id=\"07954a8\" data-element_type=\"widget\" data-e-type=\"widget\" data-widget_type=\"text-editor.default\">\n\t\t\t\t<div class=\"elementor-widget-container\">\n\t\t\t\t\t\t\t\t\t<p>Finan\u021bat de Uniunea European\u0103. Punctele de vedere \u0219i opiniile exprimate apar\u021bin, \u00eens\u0103, exclusiv autorului (autorilor) \u0219i nu reflect\u0103 neap\u0103rat punctele de vedere \u0219i opiniile Uniunii Europene sau ale Agen\u021biei Executive Europene pentru Educa\u021bie \u0219i Cultur\u0103 (EACEA). Nici Uniunea European\u0103 \u0219i nici EACEA nu pot fi considerate r\u0103spunz\u0103toare pentru acestea. 2021-1-RO01-KA220-VET-000033001<\/p>\t\t\t\t\t\t\t\t<\/div>\n\t\t\t\t<\/div>\n\t\t\t\t\t<\/div>\n\t\t<\/div>\n\t\t\t\t<div class=\"elementor-column elementor-col-33 elementor-top-column elementor-element elementor-element-1ecf69d\" data-id=\"1ecf69d\" data-element_type=\"column\" data-e-type=\"column\">\n\t\t\t<div class=\"elementor-widget-wrap\">\n\t\t\t\t\t\t\t<\/div>\n\t\t<\/div>\n\t\t\t\t<div class=\"elementor-column elementor-col-33 elementor-top-column elementor-element elementor-element-d592b39\" data-id=\"d592b39\" data-element_type=\"column\" data-e-type=\"column\">\n\t\t\t<div class=\"elementor-widget-wrap elementor-element-populated\">\n\t\t\t\t\t\t<div class=\"elementor-element elementor-element-1262c3b elementor-widget elementor-widget-image\" data-id=\"1262c3b\" data-element_type=\"widget\" data-e-type=\"widget\" data-widget_type=\"image.default\">\n\t\t\t\t<div class=\"elementor-widget-container\">\n\t\t\t\t\t\t\t\t\t\t\t\t\t\t\t\t<a href=\"https:\/\/re-fashion.eu\/\">\n\t\t\t\t\t\t\t<img decoding=\"async\" width=\"150\" height=\"130\" src=\"https:\/\/re-fashion.eu\/wp-content\/uploads\/2022\/05\/\u03c1\u03b5\u03c6\u03b1\u03c3\u03b7\u03b9\u03bf\u03bd-150x130.png\" class=\"attachment-thumbnail size-thumbnail wp-image-933\" alt=\"\" \/>\t\t\t\t\t\t\t\t<\/a>\n\t\t\t\t\t\t\t\t\t\t\t\t\t\t\t<\/div>\n\t\t\t\t<\/div>\n\t\t\t\t<div class=\"elementor-element elementor-element-fe0bde7 elementor-widget elementor-widget-text-editor\" data-id=\"fe0bde7\" data-element_type=\"widget\" data-e-type=\"widget\" data-widget_type=\"text-editor.default\">\n\t\t\t\t<div class=\"elementor-widget-container\">\n\t\t\t\t\t\t\t\t\t<a style=\"color: black;\" href=\"https:\/\/re-fashion.eu\/index.php\/terms-of-use-2\/\" target=\"_blank\" rel=\"noopener\">Terms of Use<\/a>\t\t\t\t\t\t\t\t<\/div>\n\t\t\t\t<\/div>\n\t\t\t\t<div class=\"elementor-element elementor-element-5cbe136 elementor-shape-circle e-grid-align-right elementor-grid-0 elementor-widget elementor-widget-social-icons\" data-id=\"5cbe136\" data-element_type=\"widget\" data-e-type=\"widget\" data-widget_type=\"social-icons.default\">\n\t\t\t\t<div class=\"elementor-widget-container\">\n\t\t\t\t\t\t\t<div class=\"elementor-social-icons-wrapper elementor-grid\">\n\t\t\t\t\t\t\t<span class=\"elementor-grid-item\">\n\t\t\t\t\t<a class=\"elementor-icon elementor-social-icon elementor-social-icon-instagram elementor-repeater-item-7bfa9da\" href=\"https:\/\/www.instagram.com\/refashion.erasmus\/\" target=\"_blank\">\n\t\t\t\t\t\t<span class=\"elementor-screen-only\">Instagram<\/span>\n\t\t\t\t\t\t<i aria-hidden=\"true\" class=\"fab fa-instagram\"><\/i>\t\t\t\t\t<\/a>\n\t\t\t\t<\/span>\n\t\t\t\t\t<\/div>\n\t\t\t\t\t\t<\/div>\n\t\t\t\t<\/div>\n\t\t\t\t\t<\/div>\n\t\t<\/div>\n\t\t\t\t\t<\/div>\n\t\t<\/section>\n\t\t\t\t<section class=\"elementor-section elementor-top-section elementor-element elementor-element-1464a24 elementor-section-boxed elementor-section-height-default elementor-section-height-default\" data-id=\"1464a24\" data-element_type=\"section\" data-e-type=\"section\">\n\t\t\t\t\t\t<div class=\"elementor-container elementor-column-gap-default\">\n\t\t\t\t\t<div class=\"elementor-column elementor-col-100 elementor-top-column elementor-element elementor-element-39d439a\" data-id=\"39d439a\" data-element_type=\"column\" data-e-type=\"column\">\n\t\t\t<div class=\"elementor-widget-wrap elementor-element-populated\">\n\t\t\t\t\t\t<div class=\"elementor-element elementor-element-248aac1 elementor-widget-divider--view-line elementor-widget elementor-widget-divider\" data-id=\"248aac1\" data-element_type=\"widget\" data-e-type=\"widget\" data-widget_type=\"divider.default\">\n\t\t\t\t<div class=\"elementor-widget-container\">\n\t\t\t\t\t\t\t<div class=\"elementor-divider\">\n\t\t\t<span class=\"elementor-divider-separator\">\n\t\t\t\t\t\t<\/span>\n\t\t<\/div>\n\t\t\t\t\t\t<\/div>\n\t\t\t\t<\/div>\n\t\t\t\t\t<\/div>\n\t\t<\/div>\n\t\t\t\t\t<\/div>\n\t\t<\/section>\n\t\t\t\t<section class=\"elementor-section elementor-top-section elementor-element elementor-element-d70b3c5 elementor-section-boxed elementor-section-height-default elementor-section-height-default\" data-id=\"d70b3c5\" data-element_type=\"section\" data-e-type=\"section\">\n\t\t\t\t\t\t<div class=\"elementor-container elementor-column-gap-default\">\n\t\t\t\t\t<div class=\"elementor-column elementor-col-33 elementor-top-column elementor-element elementor-element-50074a1\" data-id=\"50074a1\" data-element_type=\"column\" data-e-type=\"column\">\n\t\t\t<div class=\"elementor-widget-wrap elementor-element-populated\">\n\t\t\t\t\t\t<div class=\"elementor-element elementor-element-aa1be85 elementor-widget elementor-widget-text-editor\" data-id=\"aa1be85\" data-element_type=\"widget\" data-e-type=\"widget\" data-widget_type=\"text-editor.default\">\n\t\t\t\t<div class=\"elementor-widget-container\">\n\t\t\t\t\t\t\t\t\t<p>Copyright \u00a9 2022 Re-Fashion. All Rights Reserved<\/p>\t\t\t\t\t\t\t\t<\/div>\n\t\t\t\t<\/div>\n\t\t\t\t\t<\/div>\n\t\t<\/div>\n\t\t\t\t<div class=\"elementor-column elementor-col-33 elementor-top-column elementor-element elementor-element-3d79a98\" data-id=\"3d79a98\" data-element_type=\"column\" data-e-type=\"column\">\n\t\t\t<div class=\"elementor-widget-wrap\">\n\t\t\t\t\t\t\t<\/div>\n\t\t<\/div>\n\t\t\t\t<div class=\"elementor-column elementor-col-33 elementor-top-column elementor-element elementor-element-df104e9\" data-id=\"df104e9\" data-element_type=\"column\" data-e-type=\"column\">\n\t\t\t<div class=\"elementor-widget-wrap elementor-element-populated\">\n\t\t\t\t\t\t<div class=\"elementor-element elementor-element-a8e02a9 elementor-widget elementor-widget-text-editor\" data-id=\"a8e02a9\" data-element_type=\"widget\" data-e-type=\"widget\" data-widget_type=\"text-editor.default\">\n\t\t\t\t<div class=\"elementor-widget-container\">\n\t\t\t\t\t\t\t\t\t<span style=\"color: #000; font-size: 16px; text-align: right;\">Powered by\u00a0<\/span><a style=\"color: #000; background-color: #ffffff; font-size: 16px; text-align: right;\" href=\"https:\/\/innovationhive.eu\/\" target=\"_blank\" rel=\"noopener\">Innovation Hive<\/a>\t\t\t\t\t\t\t\t<\/div>\n\t\t\t\t<\/div>\n\t\t\t\t\t<\/div>\n\t\t<\/div>\n\t\t\t\t\t<\/div>\n\t\t<\/section>\n\t\t\t\t<\/div>\n\t\t","protected":false},"excerpt":{"rendered":"<p>Primul curs \u00een moda sustenabil\u0103 va fi lansat in cur\u00e2nd Ne face pl\u0103cere s\u0103 v\u0103 adres\u0103m o invita\u021bie special\u0103 la [&hellip;]<\/p>\n","protected":false},"author":1,"featured_media":0,"parent":0,"menu_order":0,"comment_status":"closed","ping_status":"closed","template":"page-templates\/template_page-builder.php","meta":{"_monsterinsights_skip_tracking":false,"_monsterinsights_sitenote_active":false,"_monsterinsights_sitenote_note":"","_monsterinsights_sitenote_category":0,"footnotes":""},"class_list":["post-2689","page","type-page","status-publish","hentry"],"aioseo_notices":[],"_links":{"self":[{"href":"https:\/\/re-fashion.eu\/index.php\/wp-json\/wp\/v2\/pages\/2689","targetHints":{"allow":["GET"]}}],"collection":[{"href":"https:\/\/re-fashion.eu\/index.php\/wp-json\/wp\/v2\/pages"}],"about":[{"href":"https:\/\/re-fashion.eu\/index.php\/wp-json\/wp\/v2\/types\/page"}],"author":[{"embeddable":true,"href":"https:\/\/re-fashion.eu\/index.php\/wp-json\/wp\/v2\/users\/1"}],"replies":[{"embeddable":true,"href":"https:\/\/re-fashion.eu\/index.php\/wp-json\/wp\/v2\/comments?post=2689"}],"version-history":[{"count":17,"href":"https:\/\/re-fashion.eu\/index.php\/wp-json\/wp\/v2\/pages\/2689\/revisions"}],"predecessor-version":[{"id":2980,"href":"https:\/\/re-fashion.eu\/index.php\/wp-json\/wp\/v2\/pages\/2689\/revisions\/2980"}],"wp:attachment":[{"href":"https:\/\/re-fashion.eu\/index.php\/wp-json\/wp\/v2\/media?parent=2689"}],"curies":[{"name":"wp","href":"https:\/\/api.w.org\/{rel}","templated":true}]}}