{"id":3147,"date":"2023-12-21T07:42:47","date_gmt":"2023-12-21T07:42:47","guid":{"rendered":"https:\/\/re-fashion.eu\/?page_id=3147"},"modified":"2023-12-21T07:43:30","modified_gmt":"2023-12-21T07:43:30","slug":"puncte-cheie-ale-seminarului-web-proiectul-refashion-dezvaluit","status":"publish","type":"page","link":"https:\/\/re-fashion.eu\/index.php\/ro\/puncte-cheie-ale-seminarului-web-proiectul-refashion-dezvaluit\/","title":{"rendered":"Puncte Cheie ale Seminarului Web: Proiectul ReFashion Dezv\u0103luit!"},"content":{"rendered":"\t\t<div data-elementor-type=\"wp-page\" data-elementor-id=\"3147\" class=\"elementor elementor-3147\">\n\t\t\t\t\t\t<section class=\"elementor-section elementor-top-section elementor-element elementor-element-977a2aa elementor-section-boxed elementor-section-height-default elementor-section-height-default\" data-id=\"977a2aa\" data-element_type=\"section\" data-e-type=\"section\">\n\t\t\t\t\t\t<div class=\"elementor-container elementor-column-gap-default\">\n\t\t\t\t\t<div class=\"elementor-column elementor-col-100 elementor-top-column elementor-element elementor-element-d04499c\" data-id=\"d04499c\" data-element_type=\"column\" data-e-type=\"column\">\n\t\t\t<div class=\"elementor-widget-wrap\">\n\t\t\t\t\t\t\t<\/div>\n\t\t<\/div>\n\t\t\t\t\t<\/div>\n\t\t<\/section>\n\t\t\t\t<section class=\"elementor-section elementor-top-section elementor-element elementor-element-9537bb1 elementor-section-boxed elementor-section-height-default elementor-section-height-default\" data-id=\"9537bb1\" data-element_type=\"section\" data-e-type=\"section\">\n\t\t\t\t\t\t<div class=\"elementor-container elementor-column-gap-default\">\n\t\t\t\t\t<div class=\"elementor-column elementor-col-100 elementor-top-column elementor-element elementor-element-b67dc3d\" data-id=\"b67dc3d\" data-element_type=\"column\" data-e-type=\"column\">\n\t\t\t<div class=\"elementor-widget-wrap\">\n\t\t\t\t\t\t\t<\/div>\n\t\t<\/div>\n\t\t\t\t\t<\/div>\n\t\t<\/section>\n\t\t\t\t<section class=\"elementor-section elementor-top-section elementor-element elementor-element-96ba7eb elementor-section-boxed elementor-section-height-default elementor-section-height-default\" data-id=\"96ba7eb\" data-element_type=\"section\" data-e-type=\"section\">\n\t\t\t\t\t\t<div class=\"elementor-container elementor-column-gap-default\">\n\t\t\t\t\t<div class=\"elementor-column elementor-col-100 elementor-top-column elementor-element elementor-element-68fb050\" data-id=\"68fb050\" data-element_type=\"column\" data-e-type=\"column\">\n\t\t\t<div class=\"elementor-widget-wrap\">\n\t\t\t\t\t\t\t<\/div>\n\t\t<\/div>\n\t\t\t\t\t<\/div>\n\t\t<\/section>\n\t\t\t\t<section class=\"elementor-section elementor-top-section elementor-element elementor-element-3c75aa5 elementor-section-boxed elementor-section-height-default elementor-section-height-default\" data-id=\"3c75aa5\" data-element_type=\"section\" data-e-type=\"section\" data-settings=\"{&quot;background_background&quot;:&quot;classic&quot;,&quot;shape_divider_bottom&quot;:&quot;curve&quot;,&quot;shape_divider_bottom_negative&quot;:&quot;yes&quot;}\">\n\t\t\t\t\t\t\t<div class=\"elementor-background-overlay\"><\/div>\n\t\t\t\t\t\t<div class=\"elementor-shape elementor-shape-bottom\" aria-hidden=\"true\" data-negative=\"true\">\n\t\t\t<svg xmlns=\"http:\/\/www.w3.org\/2000\/svg\" viewBox=\"0 0 1000 100\" preserveAspectRatio=\"none\">\n\t<path class=\"elementor-shape-fill\" d=\"M500,97C126.7,96.3,0.8,19.8,0,0v100l1000,0V1C1000,19.4,873.3,97.8,500,97z\"\/>\n<\/svg>\t\t<\/div>\n\t\t\t\t\t<div class=\"elementor-container elementor-column-gap-default\">\n\t\t\t\t\t<div class=\"elementor-column elementor-col-100 elementor-top-column elementor-element elementor-element-88de0bf\" data-id=\"88de0bf\" data-element_type=\"column\" data-e-type=\"column\">\n\t\t\t<div class=\"elementor-widget-wrap elementor-element-populated\">\n\t\t\t\t\t\t<div class=\"elementor-element elementor-element-6045a5a elementor-widget elementor-widget-spacer\" data-id=\"6045a5a\" data-element_type=\"widget\" data-e-type=\"widget\" data-widget_type=\"spacer.default\">\n\t\t\t\t<div class=\"elementor-widget-container\">\n\t\t\t\t\t\t\t<div class=\"elementor-spacer\">\n\t\t\t<div class=\"elementor-spacer-inner\"><\/div>\n\t\t<\/div>\n\t\t\t\t\t\t<\/div>\n\t\t\t\t<\/div>\n\t\t\t\t<div class=\"elementor-element elementor-element-9706acf elementor-widget elementor-widget-heading\" data-id=\"9706acf\" data-element_type=\"widget\" data-e-type=\"widget\" data-widget_type=\"heading.default\">\n\t\t\t\t<div class=\"elementor-widget-container\">\n\t\t\t\t\t<h2 class=\"elementor-heading-title elementor-size-default\">Puncte Cheie ale Seminarului Web: Proiectul ReFashion Dezv\u0103luit!<\/h2>\t\t\t\t<\/div>\n\t\t\t\t<\/div>\n\t\t\t\t<div class=\"elementor-element elementor-element-4302bb6 elementor-widget-divider--view-line elementor-widget elementor-widget-divider\" data-id=\"4302bb6\" data-element_type=\"widget\" data-e-type=\"widget\" data-widget_type=\"divider.default\">\n\t\t\t\t<div class=\"elementor-widget-container\">\n\t\t\t\t\t\t\t<div class=\"elementor-divider\">\n\t\t\t<span class=\"elementor-divider-separator\">\n\t\t\t\t\t\t<\/span>\n\t\t<\/div>\n\t\t\t\t\t\t<\/div>\n\t\t\t\t<\/div>\n\t\t\t\t<div class=\"elementor-element elementor-element-af6474f elementor-widget elementor-widget-spacer\" data-id=\"af6474f\" data-element_type=\"widget\" data-e-type=\"widget\" data-widget_type=\"spacer.default\">\n\t\t\t\t<div class=\"elementor-widget-container\">\n\t\t\t\t\t\t\t<div class=\"elementor-spacer\">\n\t\t\t<div class=\"elementor-spacer-inner\"><\/div>\n\t\t<\/div>\n\t\t\t\t\t\t<\/div>\n\t\t\t\t<\/div>\n\t\t\t\t\t<\/div>\n\t\t<\/div>\n\t\t\t\t\t<\/div>\n\t\t<\/section>\n\t\t\t\t<section class=\"elementor-section elementor-top-section elementor-element elementor-element-5724caf elementor-section-boxed elementor-section-height-default elementor-section-height-default\" data-id=\"5724caf\" data-element_type=\"section\" data-e-type=\"section\">\n\t\t\t\t\t\t<div class=\"elementor-container elementor-column-gap-default\">\n\t\t\t\t\t<div class=\"elementor-column elementor-col-100 elementor-top-column elementor-element elementor-element-0437613\" data-id=\"0437613\" data-element_type=\"column\" data-e-type=\"column\">\n\t\t\t<div class=\"elementor-widget-wrap elementor-element-populated\">\n\t\t\t\t\t\t<div class=\"elementor-element elementor-element-b9cfe7d elementor-widget elementor-widget-spacer\" data-id=\"b9cfe7d\" data-element_type=\"widget\" data-e-type=\"widget\" data-widget_type=\"spacer.default\">\n\t\t\t\t<div class=\"elementor-widget-container\">\n\t\t\t\t\t\t\t<div class=\"elementor-spacer\">\n\t\t\t<div class=\"elementor-spacer-inner\"><\/div>\n\t\t<\/div>\n\t\t\t\t\t\t<\/div>\n\t\t\t\t<\/div>\n\t\t\t\t<div class=\"elementor-element elementor-element-3c49570 elementor-widget elementor-widget-text-editor\" data-id=\"3c49570\" data-element_type=\"widget\" data-e-type=\"widget\" data-widget_type=\"text-editor.default\">\n\t\t\t\t<div class=\"elementor-widget-container\">\n\t\t\t\t\t\t\t\t\t<p>Pe data de 14 noiembrie am g\u0103zduit un webinar deosebit intitulat &#8220;Proiectul ReFashion culege roadele.&#8221; Evenimentul a atras 22 de participan\u021bi, \u00een principal educatori \u0219i profesioni\u0219ti din diferite companii.<\/p><p>\u00a0<\/p><p><strong>Explor\u00e2nd Platforma ReFashion:<\/strong><\/p><p>Am abordat o prezentare detaliat\u0103 a platformei educa\u021bionale ReFashion \u00een timpul seminarului web. Participan\u021bii au ob\u021binut perspective asupra caracteristicilor sale cheie, navig\u0103rii f\u0103r\u0103 probleme \u0219i gamei de instrumente pe care le ofer\u0103. Platforma s-a eviden\u021biat ca o resurs\u0103 valoroas\u0103 pentru \u00eembun\u0103t\u0103\u021birea cuno\u0219tin\u021belor \u0219i abilit\u0103\u021bilor legate de moda sustenabil\u0103, cu op\u021biuni de certificare disponibile.<\/p><p>\u00a0<\/p><p><strong>Prezentarea Ghidului ReFashion:<\/strong><\/p><p>Un punct focal al seminarului web a fost introducerea Ghidului ReFashion &#8211; o unealt\u0103 esen\u021bial\u0103 pentru alegeri de mod\u0103 con\u0219tiente \u0219i responsabile. Julia Butuc\u0103 de la Katty Fashion, un partener de proiect, a adus \u00een aten\u021bie provoc\u0103rile industriei \u0219i poten\u021bialul pentru IMM-uri de a-\u0219i optimiza procesele folosind cursul.<\/p><p>\u00a0<\/p><p><strong>Prezent\u0103ri captivante:<\/strong><\/p><p>Aida Szilaghi, liderul proiectului, a oferit perspective asupra specifica\u021biilor proiectului, rezultatelor cercet\u0103rilor \u0219i provoc\u0103rilor din industria modei. Emma Szilaghi a prezentat Ghidul Consumatorului, accentu\u00e2nd aplicabilitatea sa universal\u0103. Ghidul, acoperind provoc\u0103rile din industrie \u0219i oferind sfaturi practice pentru reducerea impactului asupra mediului, s-a dovedit inestimabil pentru consumatori din toate mediile.<\/p><p>\u00a0<\/p><p><strong>Dezbateri interactive:<\/strong><\/p><p>Seminarul web a promovat interac\u021biuni semnificative, cu participan\u021bii implic\u00e2ndu-se activ \u00een discu\u021bii despre detaliile cursului \u0219i procesul de certificare.<\/p><p>\u00a0<\/p><p><strong>\u00cencuraj\u00e2nd schimbarea:<\/strong><\/p><p>Odat\u0103 cu \u00eencheierea seminarului web, participan\u021bii au r\u0103mas inspira\u021bi \u0219i echipa\u021bi cu cuno\u0219tin\u021be pentru a contribui la schimb\u0103ri pozitive \u00een industria modei.<\/p>\t\t\t\t\t\t\t\t<\/div>\n\t\t\t\t<\/div>\n\t\t\t\t<div class=\"elementor-element elementor-element-fb8a74f elementor-widget elementor-widget-spacer\" data-id=\"fb8a74f\" data-element_type=\"widget\" data-e-type=\"widget\" data-widget_type=\"spacer.default\">\n\t\t\t\t<div class=\"elementor-widget-container\">\n\t\t\t\t\t\t\t<div class=\"elementor-spacer\">\n\t\t\t<div class=\"elementor-spacer-inner\"><\/div>\n\t\t<\/div>\n\t\t\t\t\t\t<\/div>\n\t\t\t\t<\/div>\n\t\t\t\t\t<\/div>\n\t\t<\/div>\n\t\t\t\t\t<\/div>\n\t\t<\/section>\n\t\t\t\t<section class=\"elementor-section elementor-top-section elementor-element elementor-element-6d46a5c elementor-section-boxed elementor-section-height-default elementor-section-height-default\" data-id=\"6d46a5c\" data-element_type=\"section\" data-e-type=\"section\">\n\t\t\t\t\t\t<div class=\"elementor-container elementor-column-gap-default\">\n\t\t\t\t\t<div class=\"elementor-column elementor-col-33 elementor-top-column elementor-element elementor-element-f36f93d\" data-id=\"f36f93d\" data-element_type=\"column\" data-e-type=\"column\">\n\t\t\t<div class=\"elementor-widget-wrap elementor-element-populated\">\n\t\t\t\t\t\t<div class=\"elementor-element elementor-element-2f9c296 elementor-widget elementor-widget-image\" data-id=\"2f9c296\" data-element_type=\"widget\" data-e-type=\"widget\" data-widget_type=\"image.default\">\n\t\t\t\t<div class=\"elementor-widget-container\">\n\t\t\t\t\t\t\t\t\t\t\t\t\t\t\t<img decoding=\"async\" width=\"300\" height=\"59\" src=\"https:\/\/re-fashion.eu\/wp-content\/uploads\/2022\/05\/EN_Co-funded_by_the_EU_PANTONE__1_-removebg-preview-e1652341623774-300x59.png\" class=\"attachment-medium size-medium wp-image-160\" alt=\"\" srcset=\"https:\/\/re-fashion.eu\/wp-content\/uploads\/2022\/05\/EN_Co-funded_by_the_EU_PANTONE__1_-removebg-preview-e1652341623774-300x59.png 300w, https:\/\/re-fashion.eu\/wp-content\/uploads\/2022\/05\/EN_Co-funded_by_the_EU_PANTONE__1_-removebg-preview-e1652341623774-768x151.png 768w, https:\/\/re-fashion.eu\/wp-content\/uploads\/2022\/05\/EN_Co-funded_by_the_EU_PANTONE__1_-removebg-preview-e1652341623774-720x142.png 720w, https:\/\/re-fashion.eu\/wp-content\/uploads\/2022\/05\/EN_Co-funded_by_the_EU_PANTONE__1_-removebg-preview-e1652341623774.png 1011w\" sizes=\"(max-width: 300px) 100vw, 300px\" \/>\t\t\t\t\t\t\t\t\t\t\t\t\t\t\t<\/div>\n\t\t\t\t<\/div>\n\t\t\t\t<div class=\"elementor-element elementor-element-8a012cf elementor-widget elementor-widget-text-editor\" data-id=\"8a012cf\" data-element_type=\"widget\" data-e-type=\"widget\" data-widget_type=\"text-editor.default\">\n\t\t\t\t<div class=\"elementor-widget-container\">\n\t\t\t\t\t\t\t\t\t<p>Finan\u021bat de Uniunea European\u0103. Punctele de vedere \u0219i opiniile exprimate apar\u021bin, \u00eens\u0103, exclusiv autorului (autorilor) \u0219i nu reflect\u0103 neap\u0103rat punctele de vedere \u0219i opiniile Uniunii Europene sau ale Agen\u021biei Executive Europene pentru Educa\u021bie \u0219i Cultur\u0103 (EACEA). Nici Uniunea European\u0103 \u0219i nici EACEA nu pot fi considerate r\u0103spunz\u0103toare pentru acestea. 2021-1-RO01-KA220-VET-000033001<\/p>\t\t\t\t\t\t\t\t<\/div>\n\t\t\t\t<\/div>\n\t\t\t\t\t<\/div>\n\t\t<\/div>\n\t\t\t\t<div class=\"elementor-column elementor-col-33 elementor-top-column elementor-element elementor-element-6d2b8e0\" data-id=\"6d2b8e0\" data-element_type=\"column\" data-e-type=\"column\">\n\t\t\t<div class=\"elementor-widget-wrap\">\n\t\t\t\t\t\t\t<\/div>\n\t\t<\/div>\n\t\t\t\t<div class=\"elementor-column elementor-col-33 elementor-top-column elementor-element elementor-element-9adfd16\" data-id=\"9adfd16\" data-element_type=\"column\" data-e-type=\"column\">\n\t\t\t<div class=\"elementor-widget-wrap elementor-element-populated\">\n\t\t\t\t\t\t<div class=\"elementor-element elementor-element-d4f2ea4 elementor-widget elementor-widget-image\" data-id=\"d4f2ea4\" data-element_type=\"widget\" data-e-type=\"widget\" data-widget_type=\"image.default\">\n\t\t\t\t<div class=\"elementor-widget-container\">\n\t\t\t\t\t\t\t\t\t\t\t\t\t\t\t\t<a href=\"https:\/\/re-fashion.eu\/\">\n\t\t\t\t\t\t\t<img decoding=\"async\" width=\"150\" height=\"130\" src=\"https:\/\/re-fashion.eu\/wp-content\/uploads\/2022\/05\/\u03c1\u03b5\u03c6\u03b1\u03c3\u03b7\u03b9\u03bf\u03bd-150x130.png\" class=\"attachment-thumbnail size-thumbnail wp-image-933\" alt=\"\" \/>\t\t\t\t\t\t\t\t<\/a>\n\t\t\t\t\t\t\t\t\t\t\t\t\t\t\t<\/div>\n\t\t\t\t<\/div>\n\t\t\t\t<div class=\"elementor-element elementor-element-b37401f elementor-widget elementor-widget-text-editor\" data-id=\"b37401f\" data-element_type=\"widget\" data-e-type=\"widget\" data-widget_type=\"text-editor.default\">\n\t\t\t\t<div class=\"elementor-widget-container\">\n\t\t\t\t\t\t\t\t\t<a style=\"color: black;\" href=\"https:\/\/re-fashion.eu\/index.php\/terms-of-use-2\/\" target=\"_blank\" rel=\"noopener\">Terms of Use<\/a>\t\t\t\t\t\t\t\t<\/div>\n\t\t\t\t<\/div>\n\t\t\t\t<div class=\"elementor-element elementor-element-b4b15fa elementor-shape-circle e-grid-align-right elementor-grid-0 elementor-widget elementor-widget-social-icons\" data-id=\"b4b15fa\" data-element_type=\"widget\" data-e-type=\"widget\" data-widget_type=\"social-icons.default\">\n\t\t\t\t<div class=\"elementor-widget-container\">\n\t\t\t\t\t\t\t<div class=\"elementor-social-icons-wrapper elementor-grid\">\n\t\t\t\t\t\t\t<span class=\"elementor-grid-item\">\n\t\t\t\t\t<a class=\"elementor-icon elementor-social-icon elementor-social-icon-instagram elementor-repeater-item-7bfa9da\" href=\"https:\/\/www.instagram.com\/refashion.erasmus\/\" target=\"_blank\">\n\t\t\t\t\t\t<span class=\"elementor-screen-only\">Instagram<\/span>\n\t\t\t\t\t\t<i aria-hidden=\"true\" class=\"fab fa-instagram\"><\/i>\t\t\t\t\t<\/a>\n\t\t\t\t<\/span>\n\t\t\t\t\t<\/div>\n\t\t\t\t\t\t<\/div>\n\t\t\t\t<\/div>\n\t\t\t\t\t<\/div>\n\t\t<\/div>\n\t\t\t\t\t<\/div>\n\t\t<\/section>\n\t\t\t\t<section class=\"elementor-section elementor-top-section elementor-element elementor-element-e3a2c77 elementor-section-boxed elementor-section-height-default elementor-section-height-default\" data-id=\"e3a2c77\" data-element_type=\"section\" data-e-type=\"section\">\n\t\t\t\t\t\t<div class=\"elementor-container elementor-column-gap-default\">\n\t\t\t\t\t<div class=\"elementor-column elementor-col-100 elementor-top-column elementor-element elementor-element-8e93ded\" data-id=\"8e93ded\" data-element_type=\"column\" data-e-type=\"column\">\n\t\t\t<div class=\"elementor-widget-wrap elementor-element-populated\">\n\t\t\t\t\t\t<div class=\"elementor-element elementor-element-0c84dac elementor-widget-divider--view-line elementor-widget elementor-widget-divider\" data-id=\"0c84dac\" data-element_type=\"widget\" data-e-type=\"widget\" data-widget_type=\"divider.default\">\n\t\t\t\t<div class=\"elementor-widget-container\">\n\t\t\t\t\t\t\t<div class=\"elementor-divider\">\n\t\t\t<span class=\"elementor-divider-separator\">\n\t\t\t\t\t\t<\/span>\n\t\t<\/div>\n\t\t\t\t\t\t<\/div>\n\t\t\t\t<\/div>\n\t\t\t\t\t<\/div>\n\t\t<\/div>\n\t\t\t\t\t<\/div>\n\t\t<\/section>\n\t\t\t\t<section class=\"elementor-section elementor-top-section elementor-element elementor-element-d09d90d elementor-section-boxed elementor-section-height-default elementor-section-height-default\" data-id=\"d09d90d\" data-element_type=\"section\" data-e-type=\"section\">\n\t\t\t\t\t\t<div class=\"elementor-container elementor-column-gap-default\">\n\t\t\t\t\t<div class=\"elementor-column elementor-col-33 elementor-top-column elementor-element elementor-element-10ae24c\" data-id=\"10ae24c\" data-element_type=\"column\" data-e-type=\"column\">\n\t\t\t<div class=\"elementor-widget-wrap elementor-element-populated\">\n\t\t\t\t\t\t<div class=\"elementor-element elementor-element-5887fcf elementor-widget elementor-widget-text-editor\" data-id=\"5887fcf\" data-element_type=\"widget\" data-e-type=\"widget\" data-widget_type=\"text-editor.default\">\n\t\t\t\t<div class=\"elementor-widget-container\">\n\t\t\t\t\t\t\t\t\t<p>Copyright \u00a9 2022 Re-Fashion. All Rights Reserved<\/p>\t\t\t\t\t\t\t\t<\/div>\n\t\t\t\t<\/div>\n\t\t\t\t\t<\/div>\n\t\t<\/div>\n\t\t\t\t<div class=\"elementor-column elementor-col-33 elementor-top-column elementor-element elementor-element-3dec9ae\" data-id=\"3dec9ae\" data-element_type=\"column\" data-e-type=\"column\">\n\t\t\t<div class=\"elementor-widget-wrap\">\n\t\t\t\t\t\t\t<\/div>\n\t\t<\/div>\n\t\t\t\t<div class=\"elementor-column elementor-col-33 elementor-top-column elementor-element elementor-element-ed525b1\" data-id=\"ed525b1\" data-element_type=\"column\" data-e-type=\"column\">\n\t\t\t<div class=\"elementor-widget-wrap elementor-element-populated\">\n\t\t\t\t\t\t<div class=\"elementor-element elementor-element-e1cbac6 elementor-widget elementor-widget-text-editor\" data-id=\"e1cbac6\" data-element_type=\"widget\" data-e-type=\"widget\" data-widget_type=\"text-editor.default\">\n\t\t\t\t<div class=\"elementor-widget-container\">\n\t\t\t\t\t\t\t\t\t<span style=\"color: #000; font-size: 16px; text-align: right;\">Powered by\u00a0<\/span><a style=\"color: #000; background-color: #ffffff; font-size: 16px; text-align: right;\" href=\"https:\/\/innovationhive.eu\/\" target=\"_blank\" rel=\"noopener\">Innovation Hive<\/a>\t\t\t\t\t\t\t\t<\/div>\n\t\t\t\t<\/div>\n\t\t\t\t\t<\/div>\n\t\t<\/div>\n\t\t\t\t\t<\/div>\n\t\t<\/section>\n\t\t\t\t<\/div>\n\t\t","protected":false},"excerpt":{"rendered":"<p>Puncte Cheie ale Seminarului Web: Proiectul ReFashion Dezv\u0103luit! Pe data de 14 noiembrie am g\u0103zduit un webinar deosebit intitulat &#8220;Proiectul [&hellip;]<\/p>\n","protected":false},"author":1,"featured_media":0,"parent":0,"menu_order":0,"comment_status":"closed","ping_status":"closed","template":"page-templates\/template_page-builder.php","meta":{"_monsterinsights_skip_tracking":false,"_monsterinsights_sitenote_active":false,"_monsterinsights_sitenote_note":"","_monsterinsights_sitenote_category":0,"footnotes":""},"class_list":["post-3147","page","type-page","status-publish","hentry"],"aioseo_notices":[],"_links":{"self":[{"href":"https:\/\/re-fashion.eu\/index.php\/wp-json\/wp\/v2\/pages\/3147","targetHints":{"allow":["GET"]}}],"collection":[{"href":"https:\/\/re-fashion.eu\/index.php\/wp-json\/wp\/v2\/pages"}],"about":[{"href":"https:\/\/re-fashion.eu\/index.php\/wp-json\/wp\/v2\/types\/page"}],"author":[{"embeddable":true,"href":"https:\/\/re-fashion.eu\/index.php\/wp-json\/wp\/v2\/users\/1"}],"replies":[{"embeddable":true,"href":"https:\/\/re-fashion.eu\/index.php\/wp-json\/wp\/v2\/comments?post=3147"}],"version-history":[{"count":4,"href":"https:\/\/re-fashion.eu\/index.php\/wp-json\/wp\/v2\/pages\/3147\/revisions"}],"predecessor-version":[{"id":3151,"href":"https:\/\/re-fashion.eu\/index.php\/wp-json\/wp\/v2\/pages\/3147\/revisions\/3151"}],"wp:attachment":[{"href":"https:\/\/re-fashion.eu\/index.php\/wp-json\/wp\/v2\/media?parent=3147"}],"curies":[{"name":"wp","href":"https:\/\/api.w.org\/{rel}","templated":true}]}}